{"id":150,"date":"2025-12-01T00:42:40","date_gmt":"2025-11-30T23:42:40","guid":{"rendered":"https:\/\/lanfiren.fr\/?page_id=150"},"modified":"2025-12-01T00:52:20","modified_gmt":"2025-11-30T23:52:20","slug":"presentation","status":"publish","type":"page","link":"https:\/\/lanfiren.fr\/?page_id=150","title":{"rendered":"Pr\u00e9sentation"},"content":{"rendered":"\n<div class=\"section-wrapper\" data-id=\"JYtWta\"><section class=\"wp-block-gutenverse-section guten-element guten-section guten-JYtWta layout-boxed align-stretch\"><div class=\"guten-container guten-column-gap-no\">\n<div class=\"wp-block-gutenverse-column guten-element guten-column guten-ysz1dp\"><div class=\"guten-column-wrapper\" data-id=\"ysz1dp\">\n<h2 class=\"wp-block-heading\">Pr\u00e9sentation de l&rsquo;entreprise<\/h2>\n\n\n\n<p><\/p>\n\n\n\n<p><\/p>\n\n\n\n<p>Lanfiren est une microentreprise sp\u00e9cialis\u00e9e dans le conseil et les services en solutions informatiques. Forte d\u2019une expertise approfondie dans le domaine des technologies, Lanfiren accompagne les entreprises et les professionnels dans l\u2019optimisation de leurs syst\u00e8mes informatiques, leur transformation num\u00e9rique, et la gestion de leurs infrastructures IT.<\/p>\n\n\n\n<p>\u00a0<\/p>\n\n\n\n<p>Notre mission est de proposer des solutions adapt\u00e9es aux besoins sp\u00e9cifiques de chaque client, en veillant \u00e0 la performance, \u00e0 la s\u00e9curit\u00e9 et \u00e0 la simplicit\u00e9 d\u2019utilisation des syst\u00e8mes mis en place. Que vous soyez une petite entreprise, une start-up ou un professionnel, nous vous aidons \u00e0 tirer parti des technologies pour atteindre vos objectifs plus efficacement et en toute s\u00e9r\u00e9nit\u00e9.<\/p>\n\n\n\n<div class=\"wp-block-gutenverse-divider guten-element guten-divider guten-bV1N6n\"><div class=\"guten-divider-wrapper\"><div class=\"guten-divider-default guten-divider-line guten-divider-regular\"><\/div><\/div><\/div>\n\n\n\n<p>\u00a0<\/p>\n\n\n\n<h3 class=\"wp-block-heading\">Nos services :<\/h3>\n\n\n\n<ol class=\"wp-block-list\">\n<li><strong>Audit et Conseil Informatique<\/strong><br>Nous r\u00e9alisons des audits complets de votre infrastructure informatique afin d\u2019identifier les axes d&rsquo;am\u00e9lioration, optimiser vos syst\u00e8mes existants et mettre en place des solutions sur mesure qui r\u00e9pondront \u00e0 vos besoins sp\u00e9cifiques.<\/li>\n\n\n\n<li><strong>Solutions Cloud et S\u00e9curisation des Donn\u00e9es<\/strong><br>Nous vous accompagnons dans la mise en place de solutions cloud performantes et s\u00e9curis\u00e9es, adapt\u00e9es \u00e0 votre activit\u00e9. Nous vous aidons \u00e9galement \u00e0 prot\u00e9ger vos donn\u00e9es sensibles et \u00e0 garantir leur confidentialit\u00e9.<\/li>\n\n\n\n<li><strong>Transformation Num\u00e9rique<\/strong><br>L\u2019adoption des nouvelles technologies est cruciale pour la comp\u00e9titivit\u00e9 des entreprises. Lanfiren vous guide dans la transformation num\u00e9rique de vos processus et de votre organisation, avec une approche centr\u00e9e sur l\u2019efficacit\u00e9 et la rentabilit\u00e9.<\/li>\n<\/ol>\n\n\n\n<div class=\"wp-block-gutenverse-divider guten-element guten-divider guten-JVpwes\"><div class=\"guten-divider-wrapper\"><div class=\"guten-divider-default guten-divider-line guten-divider-regular\"><\/div><\/div><\/div>\n\n\n\n<hr class=\"wp-block-separator has-alpha-channel-opacity\"\/>\n\n\n\n<h3 class=\"wp-block-heading has-text-align-left\">Pourquoi choisir Lanfiren ?<\/h3>\n\n\n\n<ul class=\"wp-block-list\">\n<li><strong>Expertise technique :<\/strong> Nous poss\u00e9dons une solide exp\u00e9rience dans la gestion des syst\u00e8mes informatiques, la cybers\u00e9curit\u00e9 et les solutions cloud.<\/li>\n\n\n\n<li><strong>Approche personnalis\u00e9e :<\/strong> Chaque entreprise est unique. Nous proposons des solutions adapt\u00e9es \u00e0 vos besoins sp\u00e9cifiques, en tenant compte de vos contraintes et de vos objectifs.<\/li>\n\n\n\n<li><strong>Proximit\u00e9 et r\u00e9activit\u00e9 :<\/strong> En tant que microentreprise, nous garantissons une relation de proximit\u00e9 avec nos clients et une r\u00e9activit\u00e9 optimale face \u00e0 vos demandes.<\/li>\n<\/ul>\n\n\n\n<p>Lanfiren est votre partenaire de confiance pour optimiser votre infrastructure informatique et vous accompagner dans l\u2019\u00e9volution de vos outils num\u00e9riques.<\/p>\n<\/div><\/div>\n<\/div><\/section><\/div>\n","protected":false},"excerpt":{"rendered":"","protected":false},"author":1,"featured_media":0,"parent":0,"menu_order":0,"comment_status":"closed","ping_status":"closed","template":"","meta":{"footnotes":""},"class_list":["post-150","page","type-page","status-publish","hentry"],"yoast_head":"<!-- This site is optimized with the Yoast SEO plugin v27.3 - https:\/\/yoast.com\/product\/yoast-seo-wordpress\/ -->\n<title>Pr\u00e9sentation - Lanfiren | Conseils et services en solutions informatique<\/title>\n<meta name=\"robots\" content=\"index, follow, max-snippet:-1, max-image-preview:large, max-video-preview:-1\" \/>\n<link rel=\"canonical\" href=\"https:\/\/lanfiren.fr\/?page_id=150\" \/>\n<meta property=\"og:locale\" content=\"fr_FR\" \/>\n<meta property=\"og:type\" content=\"article\" \/>\n<meta property=\"og:title\" content=\"Pr\u00e9sentation - Lanfiren | Conseils et services en solutions informatique\" \/>\n<meta property=\"og:url\" content=\"https:\/\/lanfiren.fr\/?page_id=150\" \/>\n<meta property=\"og:site_name\" content=\"Lanfiren | Conseils et services en solutions informatique\" \/>\n<meta property=\"article:modified_time\" content=\"2025-11-30T23:52:20+00:00\" \/>\n<meta name=\"twitter:card\" content=\"summary_large_image\" \/>\n<meta name=\"twitter:label1\" content=\"Dur\u00e9e de lecture estim\u00e9e\" \/>\n\t<meta name=\"twitter:data1\" content=\"2 minutes\" \/>\n<script type=\"application\/ld+json\" class=\"yoast-schema-graph\">{\"@context\":\"https:\\\/\\\/schema.org\",\"@graph\":[{\"@type\":\"WebPage\",\"@id\":\"https:\\\/\\\/lanfiren.fr\\\/?page_id=150\",\"url\":\"https:\\\/\\\/lanfiren.fr\\\/?page_id=150\",\"name\":\"Pr\u00e9sentation - Lanfiren | Conseils et services en solutions informatique\",\"isPartOf\":{\"@id\":\"https:\\\/\\\/lanfiren.fr\\\/#website\"},\"datePublished\":\"2025-11-30T23:42:40+00:00\",\"dateModified\":\"2025-11-30T23:52:20+00:00\",\"breadcrumb\":{\"@id\":\"https:\\\/\\\/lanfiren.fr\\\/?page_id=150#breadcrumb\"},\"inLanguage\":\"fr-FR\",\"potentialAction\":[{\"@type\":\"ReadAction\",\"target\":[\"https:\\\/\\\/lanfiren.fr\\\/?page_id=150\"]}]},{\"@type\":\"BreadcrumbList\",\"@id\":\"https:\\\/\\\/lanfiren.fr\\\/?page_id=150#breadcrumb\",\"itemListElement\":[{\"@type\":\"ListItem\",\"position\":1,\"name\":\"Accueil\",\"item\":\"https:\\\/\\\/lanfiren.fr\\\/\"},{\"@type\":\"ListItem\",\"position\":2,\"name\":\"Pr\u00e9sentation\"}]},{\"@type\":\"WebSite\",\"@id\":\"https:\\\/\\\/lanfiren.fr\\\/#website\",\"url\":\"https:\\\/\\\/lanfiren.fr\\\/\",\"name\":\"Lanfiren | Conseils et services en solutions informatique\",\"description\":\"\",\"publisher\":{\"@id\":\"https:\\\/\\\/lanfiren.fr\\\/#organization\"},\"potentialAction\":[{\"@type\":\"SearchAction\",\"target\":{\"@type\":\"EntryPoint\",\"urlTemplate\":\"https:\\\/\\\/lanfiren.fr\\\/?s={search_term_string}\"},\"query-input\":{\"@type\":\"PropertyValueSpecification\",\"valueRequired\":true,\"valueName\":\"search_term_string\"}}],\"inLanguage\":\"fr-FR\"},{\"@type\":\"Organization\",\"@id\":\"https:\\\/\\\/lanfiren.fr\\\/#organization\",\"name\":\"Lanfiren | Conseils et services en solutions informatique\",\"url\":\"https:\\\/\\\/lanfiren.fr\\\/\",\"logo\":{\"@type\":\"ImageObject\",\"inLanguage\":\"fr-FR\",\"@id\":\"https:\\\/\\\/lanfiren.fr\\\/#\\\/schema\\\/logo\\\/image\\\/\",\"url\":\"https:\\\/\\\/lanfiren.fr\\\/wp-content\\\/uploads\\\/2025\\\/12\\\/cropped-Capture-decran-2025-11-23-194751-PhotoroomLogowhite.png\",\"contentUrl\":\"https:\\\/\\\/lanfiren.fr\\\/wp-content\\\/uploads\\\/2025\\\/12\\\/cropped-Capture-decran-2025-11-23-194751-PhotoroomLogowhite.png\",\"width\":512,\"height\":512,\"caption\":\"Lanfiren | Conseils et services en solutions informatique\"},\"image\":{\"@id\":\"https:\\\/\\\/lanfiren.fr\\\/#\\\/schema\\\/logo\\\/image\\\/\"},\"sameAs\":[\"https:\\\/\\\/www.linkedin.com\\\/company\\\/lanfiren\\\/\"]}]}<\/script>\n<!-- \/ Yoast SEO plugin. -->","yoast_head_json":{"title":"Pr\u00e9sentation - Lanfiren | Conseils et services en solutions informatique","robots":{"index":"index","follow":"follow","max-snippet":"max-snippet:-1","max-image-preview":"max-image-preview:large","max-video-preview":"max-video-preview:-1"},"canonical":"https:\/\/lanfiren.fr\/?page_id=150","og_locale":"fr_FR","og_type":"article","og_title":"Pr\u00e9sentation - Lanfiren | Conseils et services en solutions informatique","og_url":"https:\/\/lanfiren.fr\/?page_id=150","og_site_name":"Lanfiren | Conseils et services en solutions informatique","article_modified_time":"2025-11-30T23:52:20+00:00","twitter_card":"summary_large_image","twitter_misc":{"Dur\u00e9e de lecture estim\u00e9e":"2 minutes"},"schema":{"@context":"https:\/\/schema.org","@graph":[{"@type":"WebPage","@id":"https:\/\/lanfiren.fr\/?page_id=150","url":"https:\/\/lanfiren.fr\/?page_id=150","name":"Pr\u00e9sentation - Lanfiren | Conseils et services en solutions informatique","isPartOf":{"@id":"https:\/\/lanfiren.fr\/#website"},"datePublished":"2025-11-30T23:42:40+00:00","dateModified":"2025-11-30T23:52:20+00:00","breadcrumb":{"@id":"https:\/\/lanfiren.fr\/?page_id=150#breadcrumb"},"inLanguage":"fr-FR","potentialAction":[{"@type":"ReadAction","target":["https:\/\/lanfiren.fr\/?page_id=150"]}]},{"@type":"BreadcrumbList","@id":"https:\/\/lanfiren.fr\/?page_id=150#breadcrumb","itemListElement":[{"@type":"ListItem","position":1,"name":"Accueil","item":"https:\/\/lanfiren.fr\/"},{"@type":"ListItem","position":2,"name":"Pr\u00e9sentation"}]},{"@type":"WebSite","@id":"https:\/\/lanfiren.fr\/#website","url":"https:\/\/lanfiren.fr\/","name":"Lanfiren | Conseils et services en solutions informatique","description":"","publisher":{"@id":"https:\/\/lanfiren.fr\/#organization"},"potentialAction":[{"@type":"SearchAction","target":{"@type":"EntryPoint","urlTemplate":"https:\/\/lanfiren.fr\/?s={search_term_string}"},"query-input":{"@type":"PropertyValueSpecification","valueRequired":true,"valueName":"search_term_string"}}],"inLanguage":"fr-FR"},{"@type":"Organization","@id":"https:\/\/lanfiren.fr\/#organization","name":"Lanfiren | Conseils et services en solutions informatique","url":"https:\/\/lanfiren.fr\/","logo":{"@type":"ImageObject","inLanguage":"fr-FR","@id":"https:\/\/lanfiren.fr\/#\/schema\/logo\/image\/","url":"https:\/\/lanfiren.fr\/wp-content\/uploads\/2025\/12\/cropped-Capture-decran-2025-11-23-194751-PhotoroomLogowhite.png","contentUrl":"https:\/\/lanfiren.fr\/wp-content\/uploads\/2025\/12\/cropped-Capture-decran-2025-11-23-194751-PhotoroomLogowhite.png","width":512,"height":512,"caption":"Lanfiren | Conseils et services en solutions informatique"},"image":{"@id":"https:\/\/lanfiren.fr\/#\/schema\/logo\/image\/"},"sameAs":["https:\/\/www.linkedin.com\/company\/lanfiren\/"]}]}},"_links":{"self":[{"href":"https:\/\/lanfiren.fr\/index.php?rest_route=\/wp\/v2\/pages\/150","targetHints":{"allow":["GET"]}}],"collection":[{"href":"https:\/\/lanfiren.fr\/index.php?rest_route=\/wp\/v2\/pages"}],"about":[{"href":"https:\/\/lanfiren.fr\/index.php?rest_route=\/wp\/v2\/types\/page"}],"author":[{"embeddable":true,"href":"https:\/\/lanfiren.fr\/index.php?rest_route=\/wp\/v2\/users\/1"}],"replies":[{"embeddable":true,"href":"https:\/\/lanfiren.fr\/index.php?rest_route=%2Fwp%2Fv2%2Fcomments&post=150"}],"version-history":[{"count":14,"href":"https:\/\/lanfiren.fr\/index.php?rest_route=\/wp\/v2\/pages\/150\/revisions"}],"predecessor-version":[{"id":220,"href":"https:\/\/lanfiren.fr\/index.php?rest_route=\/wp\/v2\/pages\/150\/revisions\/220"}],"wp:attachment":[{"href":"https:\/\/lanfiren.fr\/index.php?rest_route=%2Fwp%2Fv2%2Fmedia&parent=150"}],"curies":[{"name":"wp","href":"https:\/\/api.w.org\/{rel}","templated":true}]}}